{"id":7767,"date":"2021-02-17T10:20:02","date_gmt":"2021-02-17T06:50:02","guid":{"rendered":"https:\/\/elisalamat.com\/%d9%85%d9%88%d8%a7%d8%af-%d8%ba%d8%b0%d8%a7%db%8c%db%8c\/"},"modified":"2021-10-18T12:11:56","modified_gmt":"2021-10-18T08:41:56","slug":"%d9%85%d9%88%d8%a7%d8%af-%d8%ba%d8%b0%d8%a7%db%8c%db%8c","status":"publish","type":"page","link":"https:\/\/elisalamat.com\/fr\/%d9%85%d9%88%d8%a7%d8%af-%d8%ba%d8%b0%d8%a7%db%8c%db%8c\/","title":{"rendered":"\u0645\u0648\u0627\u062f \u063a\u0630\u0627\u06cc\u06cc"},"content":{"rendered":"<p>[vc_row full_width=\u00a0\u00bbstretch_row\u00a0\u00bb el_class=\u00a0\u00bbopacity-video-bg\u00a0\u00bb css=\u00a0\u00bb.vc_custom_1613544842435{margin-bottom: 8vh !important;padding-top: 30vh !important;padding-bottom: 5vh !important;background-color: #0a0a0a !important;background-position: center !important;background-repeat: no-repeat !important;background-size: cover !important;}\u00a0\u00bb mobile_bg_img_hidden=\u00a0\u00bbno\u00a0\u00bb tablet_bg_img_hidden=\u00a0\u00bbno\u00a0\u00bb woodmart_parallax=\u00a0\u00bb0&Prime; woodmart_gradient_switch=\u00a0\u00bbno\u00a0\u00bb row_reverse_mobile=\u00a0\u00bb0&Prime; row_reverse_tablet=\u00a0\u00bb0&Prime; woodmart_disable_overflow=\u00a0\u00bb0&Prime;][vc_column css=\u00a0\u00bb.vc_custom_1499517305703{padding-top: 0px !important;}\u00a0\u00bb el_class=\u00a0\u00bbtext-center\u00a0\u00bb][vc_custom_heading text=\u00a0\u00bbDenr\u00e9es alimentaires\u00a0\u00bb font_container=\u00a0\u00bbtag:h3|font_size:16|text_align:center|color:rgba(255%2C255%2C255%2C0.8)\u00a0\u00bb use_theme_fonts=\u00a0\u00bbyes\u00a0\u00bb css=\u00a0\u00bb.vc_custom_1633950206284{margin-bottom: 10px !important;}\u00a0\u00bb el_class=\u00a0\u00bbvisible-lg\u00a0\u00bb][\/vc_column][\/vc_row][vc_row full_width=\u00a0\u00bbstretch_row\u00a0\u00bb css=\u00a0\u00bb.vc_custom_1613547288976{margin-bottom: 1vh !important;padding-top: 1vh !important;padding-bottom: 1vh !important;}\u00a0\u00bb mobile_bg_img_hidden=\u00a0\u00bbno\u00a0\u00bb tablet_bg_img_hidden=\u00a0\u00bbno\u00a0\u00bb woodmart_parallax=\u00a0\u00bb0&Prime; woodmart_gradient_switch=\u00a0\u00bbno\u00a0\u00bb row_reverse_mobile=\u00a0\u00bb0&Prime; row_reverse_tablet=\u00a0\u00bb0&Prime; woodmart_disable_overflow=\u00a0\u00bb0&Prime;][vc_column css=\u00a0\u00bb.vc_custom_1559750057376{padding-top: 0px !important;}\u00a0\u00bb mobile_bg_img_hidden=\u00a0\u00bbno\u00a0\u00bb tablet_bg_img_hidden=\u00a0\u00bbno\u00a0\u00bb woodmart_parallax=\u00a0\u00bb0&Prime; woodmart_sticky_column=\u00a0\u00bbfalse\u00a0\u00bb parallax_scroll=\u00a0\u00bbno\u00a0\u00bb mobile_reset_margin=\u00a0\u00bbno\u00a0\u00bb tablet_reset_margin=\u00a0\u00bbno\u00a0\u00bb][vc_single_image image=\u00a0\u00bb7362&Prime; img_size=\u00a0\u00bbmedium\u00a0\u00bb alignment=\u00a0\u00bbcenter\u00a0\u00bb parallax_scroll=\u00a0\u00bbno\u00a0\u00bb][\/vc_column][\/vc_row][vc_row content_placement=\u00a0\u00bbmiddle\u00a0\u00bb mobile_bg_img_hidden=\u00a0\u00bbno\u00a0\u00bb tablet_bg_img_hidden=\u00a0\u00bbno\u00a0\u00bb woodmart_parallax=\u00a0\u00bb0&Prime; woodmart_gradient_switch=\u00a0\u00bbno\u00a0\u00bb row_reverse_mobile=\u00a0\u00bb0&Prime; row_reverse_tablet=\u00a0\u00bb0&Prime; woodmart_disable_overflow=\u00a0\u00bb0&Prime; css=\u00a0\u00bb.vc_custom_1613362318067{margin-bottom: 12vh !important;}\u00a0\u00bb][vc_column css=\u00a0\u00bb.vc_custom_1559914851446{padding-top: 0px !important;}\u00a0\u00bb mobile_bg_img_hidden=\u00a0\u00bbno\u00a0\u00bb tablet_bg_img_hidden=\u00a0\u00bbno\u00a0\u00bb woodmart_parallax=\u00a0\u00bb0&Prime; woodmart_sticky_column=\u00a0\u00bbfalse\u00a0\u00bb parallax_scroll=\u00a0\u00bbno\u00a0\u00bb mobile_reset_margin=\u00a0\u00bbno\u00a0\u00bb tablet_reset_margin=\u00a0\u00bbno\u00a0\u00bb offset=\u00a0\u00bbvc_col-lg-6 vc_col-md-5&Prime;][vc_single_image image=\u00a0\u00bb7259&Prime; img_size=\u00a0\u00bb630&#215;580&Prime; alignment=\u00a0\u00bbcenter\u00a0\u00bb parallax_scroll=\u00a0\u00bbno\u00a0\u00bb css=\u00a0\u00bb.vc_custom_1613295483936{margin-bottom: 0px !important;}\u00a0\u00bb][\/vc_column][vc_column offset=\u00a0\u00bbvc_col-lg-offset-0 vc_col-lg-6 vc_col-md-offset-0 vc_col-md-6&Prime; mobile_bg_img_hidden=\u00a0\u00bbno\u00a0\u00bb tablet_bg_img_hidden=\u00a0\u00bbno\u00a0\u00bb woodmart_parallax=\u00a0\u00bb0&Prime; woodmart_sticky_column=\u00a0\u00bbfalse\u00a0\u00bb parallax_scroll=\u00a0\u00bbno\u00a0\u00bb mobile_reset_margin=\u00a0\u00bbno\u00a0\u00bb tablet_reset_margin=\u00a0\u00bbno\u00a0\u00bb css=\u00a0\u00bb.vc_custom_1559994060257{padding-right: 15% !important;padding-left: 15% !important;}\u00a0\u00bb][woodmart_responsive_text_block size=\u00a0\u00bbcustom\u00a0\u00bb font_weight=\u00a0\u00bb100&Prime; color_scheme=\u00a0\u00bbdark\u00a0\u00bb align=\u00a0\u00bbright\u00a0\u00bb woodmart_css_id=\u00a0\u00bb616424cb40f3b\u00a0\u00bb content_width=\u00a0\u00bb100&Prime; inline=\u00a0\u00bbno\u00a0\u00bb text_font_size=\u00a0\u00bbeyJwYXJhbV90eXBlIjoid29vZG1hcnRfcmVzcG9uc2l2ZV9zaXplIiwiY3NzX2FyZ3MiOnsiZm9udC1zaXplIjpbIiAud29vZG1hcnQtdGV4dC1ibG9jayJdfSwic2VsZWN0b3JfaWQiOiI2MTY0MjRjYjQwZjNiIiwiZGF0YSI6eyJkZXNrdG9wIjoiNDBweCIsInRhYmxldCI6IjM0cHgiLCJtb2JpbGUiOiIyOHB4In19&Prime; css=\u00a0\u00bb.vc_custom_1633952974327{margin-bottom: 20px !important;}\u00a0\u00bb]<\/p>\n<p style=\"text-align: left;\">Qu&rsquo;est-ce que le caviar ?<\/p>\n<p>[\/woodmart_responsive_text_block][woodmart_responsive_text_block font=\u00a0\u00bbtext\u00a0\u00bb size=\u00a0\u00bbcustom\u00a0\u00bb align=\u00a0\u00bbright\u00a0\u00bb woodmart_css_id=\u00a0\u00bb61641c7268ac3&Prime; content_width=\u00a0\u00bb100&Prime; inline=\u00a0\u00bbno\u00a0\u00bb css=\u00a0\u00bb.vc_custom_1633950848636{margin-bottom: 20px !important;}\u00a0\u00bb text_font_size=\u00a0\u00bbeyJwYXJhbV90eXBlIjoid29vZG1hcnRfcmVzcG9uc2l2ZV9zaXplIiwiY3NzX2FyZ3MiOnsiZm9udC1zaXplIjpbIiAud29vZG1hcnQtdGV4dC1ibG9jayJdfSwic2VsZWN0b3JfaWQiOiI2MTY0MWM3MjY4YWMzIiwiZGF0YSI6eyJtb2JpbGUiOiIxNHB4In19&Prime;]<\/p>\n<p style=\"text-align: left;\">Le caviar est appel\u00e9 \u0153uf d&rsquo;esturgeon ou \u0153strog\u00e8ne, qui est l&rsquo;un des aliments les plus chers au monde. C&rsquo;est pourquoi le caviar est appel\u00e9 perle noire. Il est int\u00e9ressant de savoir que la mer Caspienne est le principal habitat de l&rsquo;esturgeon, qui jusqu&rsquo;\u00e0 il y a quelques ann\u00e9es fournissait jusqu&rsquo;\u00e0 90 % du caviar mondial.<\/p>\n<p>[\/woodmart_responsive_text_block][woodmart_button color=\u00a0\u00bbprimary\u00a0\u00bb shape=\u00a0\u00bbround\u00a0\u00bb woodmart_css_id=\u00a0\u00bb616d333963681&Prime; title=\u00a0\u00bbSavoir plus\u00a0\u00bb full_width=\u00a0\u00bbno\u00a0\u00bb button_inline=\u00a0\u00bbyes\u00a0\u00bb button_smooth_scroll=\u00a0\u00bbno\u00a0\u00bb link=\u00a0\u00bburl:https%3A%2F%2Felisalamat.com%2Ffr%2Fabout-us%2F|title:%D8%AE%D8%A7%D9%88%DB%8C%D8%A7%D8%B1%20%D8%B7%D9%84%D8%A7%DB%8C%20%D8%B3%DB%8C%D8%A7%D9%87%20%DA%A9%D8%A7%D8%B3%D9%BE%DB%8C%D9%86&Prime; bg_color=\u00a0\u00bbeyJwYXJhbV90eXBlIjoid29vZG1hcnRfY29sb3JwaWNrZXIiLCJjc3NfYXJncyI6eyJiYWNrZ3JvdW5kLWNvbG9yIjpbIiBhIl0sImJvcmRlci1jb2xvciI6WyIgYSJdfSwic2VsZWN0b3JfaWQiOiI2MTZkMzMzOTYzNjgxIiwiZGF0YSI6eyJkZXNrdG9wIjoiIzZiOGVhOCJ9fQ==\u00a0\u00bb][\/vc_column][\/vc_row][vc_row full_width=\u00a0\u00bbstretch_row_content_no_spaces\u00a0\u00bb content_placement=\u00a0\u00bbmiddle\u00a0\u00bb mobile_bg_img_hidden=\u00a0\u00bbno\u00a0\u00bb tablet_bg_img_hidden=\u00a0\u00bbno\u00a0\u00bb woodmart_parallax=\u00a0\u00bb0&Prime; woodmart_gradient_switch=\u00a0\u00bbyes\u00a0\u00bb row_reverse_mobile=\u00a0\u00bb0&Prime; row_reverse_tablet=\u00a0\u00bb0&Prime; woodmart_disable_overflow=\u00a0\u00bb1&Prime; css=\u00a0\u00bb.vc_custom_1559993855196{margin-bottom: -4vh !important;}\u00a0\u00bb woodmart_color_gradient=\u00a0\u00bbrgb(142, 203, 222)-80\/rgb(255, 255, 255)-80\/|linear-gradient(left , rgb(142, 203, 222) 80% , rgb(255, 255, 255) 80%)|linear|left\u00a0\u00bb][vc_column css=\u00a0\u00bb.vc_custom_1559994006604{padding-top: 6vh !important;padding-right: 15% !important;padding-bottom: 10vh !important;padding-left: 15% !important;background-color: #8ecbde !important;}\u00a0\u00bb mobile_bg_img_hidden=\u00a0\u00bbno\u00a0\u00bb tablet_bg_img_hidden=\u00a0\u00bbno\u00a0\u00bb woodmart_parallax=\u00a0\u00bb0&Prime; woodmart_sticky_column=\u00a0\u00bbfalse\u00a0\u00bb parallax_scroll=\u00a0\u00bbno\u00a0\u00bb mobile_reset_margin=\u00a0\u00bbno\u00a0\u00bb tablet_reset_margin=\u00a0\u00bbno\u00a0\u00bb offset=\u00a0\u00bbvc_col-lg-6 vc_col-md-6&Prime;][woodmart_responsive_text_block size=\u00a0\u00bbcustom\u00a0\u00bb font_weight=\u00a0\u00bb100&Prime; color_scheme=\u00a0\u00bblight\u00a0\u00bb woodmart_css_id=\u00a0\u00bb616419c84e6c1&Prime; content_width=\u00a0\u00bb90&Prime; inline=\u00a0\u00bbno\u00a0\u00bb text_font_size=\u00a0\u00bbeyJwYXJhbV90eXBlIjoid29vZG1hcnRfcmVzcG9uc2l2ZV9zaXplIiwiY3NzX2FyZ3MiOnsiZm9udC1zaXplIjpbIiAud29vZG1hcnQtdGV4dC1ibG9jayJdfSwic2VsZWN0b3JfaWQiOiI2MTY0MTljODRlNmMxIiwiZGF0YSI6eyJkZXNrdG9wIjoiNDBweCIsInRhYmxldCI6IjM0cHgiLCJtb2JpbGUiOiIyOHB4In19&Prime; css=\u00a0\u00bb.vc_custom_1633950160714{margin-bottom: 20px !important;}\u00a0\u00bb]Industrie du <strong>caviar<\/strong> en Iran[\/woodmart_responsive_text_block][woodmart_responsive_text_block font=\u00a0\u00bbtext\u00a0\u00bb size=\u00a0\u00bbcustom\u00a0\u00bb color_scheme=\u00a0\u00bblight\u00a0\u00bb align=\u00a0\u00bbright\u00a0\u00bb woodmart_css_id=\u00a0\u00bb616424d50c1af\u00a0\u00bb content_width=\u00a0\u00bb90&Prime; inline=\u00a0\u00bbno\u00a0\u00bb text_font_size=\u00a0\u00bbeyJwYXJhbV90eXBlIjoid29vZG1hcnRfcmVzcG9uc2l2ZV9zaXplIiwiY3NzX2FyZ3MiOnsiZm9udC1zaXplIjpbIiAud29vZG1hcnQtdGV4dC1ibG9jayJdfSwic2VsZWN0b3JfaWQiOiI2MTY0MjRkNTBjMWFmIiwiZGF0YSI6eyJtb2JpbGUiOiIxNHB4In19&Prime;]<\/p>\n<p style=\"text-align: left;\">Le caviar est appel\u00e9 \u0153uf d&rsquo;esturgeon ou \u0153strog\u00e8ne, commun\u00e9ment appel\u00e9 perle noire. Il est int\u00e9ressant de savoir que la mer Caspienne est le principal habitat de l&rsquo;esturgeon, qui jusqu&rsquo;\u00e0 il y a quelques ann\u00e9es fournissait jusqu&rsquo;\u00e0 90 % du caviar mondial.<\/p>\n<p style=\"text-align: left;\">Elie Salamat entend lancer divers complexes d&rsquo;\u00e9levage d&rsquo;esturgeons en lan\u00e7ant une collection importante et avanc\u00e9e d&rsquo;esturgeons.<\/p>\n<p>[\/woodmart_responsive_text_block][vc_row_inner][vc_column_inner width=\u00a0\u00bb1\/2&Prime;][woodmart_info_box icon_type=\u00a0\u00bbtext\u00a0\u00bb icon_text_size=\u00a0\u00bbsmall\u00a0\u00bb woodmart_color_scheme=\u00a0\u00bblight\u00a0\u00bb title_font_weight=\u00a0\u00bb400&Prime; woodmart_css_id=\u00a0\u00bb61641bcbba086&Prime; icon_text=\u00a0\u00bb130+\u00a0\u00bb title=\u00a0\u00bbFerme d&rsquo;esturgeons\u00a0\u00bb title_font_size=\u00a0\u00bbeyJwYXJhbV90eXBlIjoid29vZG1hcnRfcmVzcG9uc2l2ZV9zaXplIiwiY3NzX2FyZ3MiOnsiZm9udC1zaXplIjpbIiAuaW5mby1ib3gtdGl0bGUiXX0sInNlbGVjdG9yX2lkIjoiNjE2NDFiY2JiYTA4NiIsImRhdGEiOnsiZGVza3RvcCI6IjE4cHgifX0=\u00a0\u00bb svg_animation=\u00a0\u00bbno\u00a0\u00bb info_box_inline=\u00a0\u00bbno\u00a0\u00bb icon_text_color=\u00a0\u00bbeyJwYXJhbV90eXBlIjoid29vZG1hcnRfY29sb3JwaWNrZXIiLCJjc3NfYXJncyI6eyJjb2xvciI6WyIgLmJveC13aXRoLXRleHQiXX0sInNlbGVjdG9yX2lkIjoiNjE2NDFiY2JiYTA4NiIsImRhdGEiOnsiZGVza3RvcCI6IiNmZmZmZmYifX0=\u00a0\u00bb css=\u00a0\u00bb.vc_custom_1633950683455{margin-bottom: 15px !important;}\u00a0\u00bb][\/woodmart_info_box][woodmart_info_box icon_type=\u00a0\u00bbtext\u00a0\u00bb icon_text_size=\u00a0\u00bbsmall\u00a0\u00bb woodmart_color_scheme=\u00a0\u00bblight\u00a0\u00bb title_font_weight=\u00a0\u00bb400&Prime; woodmart_css_id=\u00a0\u00bb61641be98e30c\u00a0\u00bb icon_text=\u00a0\u00bb100&Prime; title=\u00a0\u00bbTonnes de production de caviar jusqu&rsquo;en 2025&Prime; title_font_size=\u00a0\u00bbeyJwYXJhbV90eXBlIjoid29vZG1hcnRfcmVzcG9uc2l2ZV9zaXplIiwiY3NzX2FyZ3MiOnsiZm9udC1zaXplIjpbIiAuaW5mby1ib3gtdGl0bGUiXX0sInNlbGVjdG9yX2lkIjoiNjE2NDFiZTk4ZTMwYyIsImRhdGEiOnsiZGVza3RvcCI6IjE4cHgifX0=\u00a0\u00bb svg_animation=\u00a0\u00bbno\u00a0\u00bb info_box_inline=\u00a0\u00bbno\u00a0\u00bb icon_text_color=\u00a0\u00bbeyJwYXJhbV90eXBlIjoid29vZG1hcnRfY29sb3JwaWNrZXIiLCJjc3NfYXJncyI6eyJjb2xvciI6WyIgLmJveC13aXRoLXRleHQiXX0sInNlbGVjdG9yX2lkIjoiNjE2NDFiZTk4ZTMwYyIsImRhdGEiOnsiZGVza3RvcCI6IiNmZmZmZmYifX0=\u00a0\u00bb css=\u00a0\u00bb.vc_custom_1633950700452{margin-bottom: 15px !important;}\u00a0\u00bb][\/woodmart_info_box][\/vc_column_inner][vc_column_inner width=\u00a0\u00bb1\/2&Prime;][woodmart_info_box icon_type=\u00a0\u00bbtext\u00a0\u00bb icon_text_size=\u00a0\u00bbsmall\u00a0\u00bb woodmart_color_scheme=\u00a0\u00bblight\u00a0\u00bb title_font_weight=\u00a0\u00bb400&Prime; woodmart_css_id=\u00a0\u00bb61641be141672&Prime; icon_text=\u00a0\u00bb10&Prime; title=\u00a0\u00bbRang des fabricants dans le monde\u00a0\u00bb title_font_size=\u00a0\u00bbeyJwYXJhbV90eXBlIjoid29vZG1hcnRfcmVzcG9uc2l2ZV9zaXplIiwiY3NzX2FyZ3MiOnsiZm9udC1zaXplIjpbIiAuaW5mby1ib3gtdGl0bGUiXX0sInNlbGVjdG9yX2lkIjoiNjE2NDFiZTE0MTY3MiIsImRhdGEiOnsiZGVza3RvcCI6IjE4cHgifX0=\u00a0\u00bb svg_animation=\u00a0\u00bbno\u00a0\u00bb info_box_inline=\u00a0\u00bbno\u00a0\u00bb icon_text_color=\u00a0\u00bbeyJwYXJhbV90eXBlIjoid29vZG1hcnRfY29sb3JwaWNrZXIiLCJjc3NfYXJncyI6eyJjb2xvciI6WyIgLmJveC13aXRoLXRleHQiXX0sInNlbGVjdG9yX2lkIjoiNjE2NDFiZTE0MTY3MiIsImRhdGEiOnsiZGVza3RvcCI6IiNmZmZmZmYifX0=\u00a0\u00bb css=\u00a0\u00bb.vc_custom_1633950692492{margin-bottom: 15px !important;}\u00a0\u00bb][\/woodmart_info_box][woodmart_info_box icon_type=\u00a0\u00bbtext\u00a0\u00bb icon_text_size=\u00a0\u00bbsmall\u00a0\u00bb woodmart_color_scheme=\u00a0\u00bblight\u00a0\u00bb title_font_weight=\u00a0\u00bb400&Prime; woodmart_css_id=\u00a0\u00bb61641bf228588&Prime; icon_text=\u00a0\u00bb12+\u00a0\u00bb title=\u00a0\u00bbTonnes de production annuelle de caviar\u00a0\u00bb title_font_size=\u00a0\u00bbeyJwYXJhbV90eXBlIjoid29vZG1hcnRfcmVzcG9uc2l2ZV9zaXplIiwiY3NzX2FyZ3MiOnsiZm9udC1zaXplIjpbIiAuaW5mby1ib3gtdGl0bGUiXX0sInNlbGVjdG9yX2lkIjoiNjE2NDFiZjIyODU4OCIsImRhdGEiOnsiZGVza3RvcCI6IjE4cHgifX0=\u00a0\u00bb svg_animation=\u00a0\u00bbno\u00a0\u00bb info_box_inline=\u00a0\u00bbno\u00a0\u00bb icon_text_color=\u00a0\u00bbeyJwYXJhbV90eXBlIjoid29vZG1hcnRfY29sb3JwaWNrZXIiLCJjc3NfYXJncyI6eyJjb2xvciI6WyIgLmJveC13aXRoLXRleHQiXX0sInNlbGVjdG9yX2lkIjoiNjE2NDFiZjIyODU4OCIsImRhdGEiOnsiZGVza3RvcCI6IiNmZmZmZmYifX0=\u00a0\u00bb css=\u00a0\u00bb.vc_custom_1633950709516{margin-bottom: 15px !important;}\u00a0\u00bb][\/woodmart_info_box][\/vc_column_inner][\/vc_row_inner][vc_empty_space height=\u00a0\u00bb160px\u00a0\u00bb woodmart_hide_large=\u00a0\u00bb1&Prime; woodmart_hide_medium=\u00a0\u00bb1&Prime; woodmart_hide_small=\u00a0\u00bb0&Prime; woodmart_hide_extra_small=\u00a0\u00bb0&Prime;][\/vc_column][vc_column css=\u00a0\u00bb.vc_custom_1559750727541{padding-top: 0px !important;}\u00a0\u00bb mobile_bg_img_hidden=\u00a0\u00bbno\u00a0\u00bb tablet_bg_img_hidden=\u00a0\u00bbno\u00a0\u00bb woodmart_parallax=\u00a0\u00bb0&Prime; woodmart_sticky_column=\u00a0\u00bbfalse\u00a0\u00bb parallax_scroll=\u00a0\u00bbno\u00a0\u00bb mobile_reset_margin=\u00a0\u00bbno\u00a0\u00bb tablet_reset_margin=\u00a0\u00bbno\u00a0\u00bb offset=\u00a0\u00bbvc_col-lg-offset-0 vc_col-lg-6 vc_col-md-6&Prime;][vc_column_text text_larger=\u00a0\u00bbno\u00a0\u00bb]<\/p>\n<div id=\"46495277328\"><script type=\"text\/JavaScript\" src=\"https:\/\/www.aparat.com\/embed\/KVGv2?data[rnddiv]=46495277328&#038;data[responsive]=yes\"><\/script><\/div>\n<p>[\/vc_column_text][\/vc_column][\/vc_row][vc_row content_placement=\u00a0\u00bbmiddle\u00a0\u00bb mobile_bg_img_hidden=\u00a0\u00bbno\u00a0\u00bb tablet_bg_img_hidden=\u00a0\u00bbno\u00a0\u00bb woodmart_parallax=\u00a0\u00bb0&Prime; woodmart_gradient_switch=\u00a0\u00bbno\u00a0\u00bb row_reverse_mobile=\u00a0\u00bb1&Prime; row_reverse_tablet=\u00a0\u00bb1&Prime; woodmart_disable_overflow=\u00a0\u00bb0&Prime; css=\u00a0\u00bb.vc_custom_1559922184959{margin-bottom: 4vh !important;}\u00a0\u00bb][vc_column css=\u00a0\u00bb.vc_custom_1559914895420{margin-bottom: 4vh !important;padding-top: 0px !important;}\u00a0\u00bb mobile_bg_img_hidden=\u00a0\u00bbno\u00a0\u00bb tablet_bg_img_hidden=\u00a0\u00bbno\u00a0\u00bb woodmart_parallax=\u00a0\u00bb0&Prime; woodmart_sticky_column=\u00a0\u00bbfalse\u00a0\u00bb parallax_scroll=\u00a0\u00bbno\u00a0\u00bb mobile_reset_margin=\u00a0\u00bbno\u00a0\u00bb tablet_reset_margin=\u00a0\u00bbno\u00a0\u00bb offset=\u00a0\u00bbvc_col-lg-6 vc_col-md-5&Prime;][vc_single_image image=\u00a0\u00bb7263&Prime; img_size=\u00a0\u00bb600&#215;460&Prime; alignment=\u00a0\u00bbcenter\u00a0\u00bb css=\u00a0\u00bb.vc_custom_1613295754361{margin-bottom: 0px !important;}\u00a0\u00bb parallax_scroll=\u00a0\u00bbno\u00a0\u00bb][\/vc_column][vc_column offset=\u00a0\u00bbvc_col-lg-6 vc_col-md-6 vc_col-xs-12&Prime; mobile_bg_img_hidden=\u00a0\u00bbno\u00a0\u00bb tablet_bg_img_hidden=\u00a0\u00bbno\u00a0\u00bb woodmart_parallax=\u00a0\u00bb0&Prime; woodmart_sticky_column=\u00a0\u00bbfalse\u00a0\u00bb parallax_scroll=\u00a0\u00bbno\u00a0\u00bb mobile_reset_margin=\u00a0\u00bbno\u00a0\u00bb tablet_reset_margin=\u00a0\u00bbno\u00a0\u00bb css=\u00a0\u00bb.vc_custom_1559995866916{margin-bottom: 6vh !important;padding-top: 0px !important;padding-right: 15% !important;padding-left: 15% !important;}\u00a0\u00bb][vc_empty_space height=\u00a0\u00bb12vh\u00a0\u00bb woodmart_hide_large=\u00a0\u00bb1&Prime; woodmart_hide_medium=\u00a0\u00bb1&Prime; woodmart_hide_small=\u00a0\u00bb0&Prime; woodmart_hide_extra_small=\u00a0\u00bb0&Prime;][woodmart_responsive_text_block size=\u00a0\u00bbcustom\u00a0\u00bb font_weight=\u00a0\u00bb100&Prime; color_scheme=\u00a0\u00bbdark\u00a0\u00bb woodmart_css_id=\u00a0\u00bb61641999629fa\u00a0\u00bb content_width=\u00a0\u00bb90&Prime; inline=\u00a0\u00bbno\u00a0\u00bb text_font_size=\u00a0\u00bbeyJwYXJhbV90eXBlIjoid29vZG1hcnRfcmVzcG9uc2l2ZV9zaXplIiwiY3NzX2FyZ3MiOnsiZm9udC1zaXplIjpbIiAud29vZG1hcnQtdGV4dC1ibG9jayJdfSwic2VsZWN0b3JfaWQiOiI2MTY0MTk5OTYyOWZhIiwiZGF0YSI6eyJkZXNrdG9wIjoiMzRweCIsInRhYmxldCI6IjI4cHgiLCJtb2JpbGUiOiIyMnB4In19&Prime; css=\u00a0\u00bb.vc_custom_1633950113123{margin-bottom: 20px !important;}\u00a0\u00bb]\u00c9levage d&rsquo;esturgeons[\/woodmart_responsive_text_block][woodmart_responsive_text_block font=\u00a0\u00bbtext\u00a0\u00bb size=\u00a0\u00bbcustom\u00a0\u00bb align=\u00a0\u00bbleft\u00a0\u00bb woodmart_css_id=\u00a0\u00bb616419a8bd589&Prime; content_width=\u00a0\u00bb100&Prime; inline=\u00a0\u00bbno\u00a0\u00bb css=\u00a0\u00bb.vc_custom_1633950128523{margin-bottom: 20px !important;}\u00a0\u00bb text_font_size=\u00a0\u00bbeyJwYXJhbV90eXBlIjoid29vZG1hcnRfcmVzcG9uc2l2ZV9zaXplIiwiY3NzX2FyZ3MiOnsiZm9udC1zaXplIjpbIiAud29vZG1hcnQtdGV4dC1ibG9jayJdfSwic2VsZWN0b3JfaWQiOiI2MTY0MTlhOGJkNTg5IiwiZGF0YSI6eyJtb2JpbGUiOiIxNHB4In19&Prime;]<\/p>\n<p class=\"text-larger\" style=\"text-align: justify;\">La soci\u00e9t\u00e9 Elie Salamat a essay\u00e9 de surveiller les conditions de reproduction de l&rsquo;esturgeon, similaires aux conditions d&rsquo;habitat principal de ces poissons dans la mer Caspienne, dans les bassins c\u00f4tiers en utilisant l&rsquo;eau de la mer Caspienne pour les \u00e9lever avec la meilleure qualit\u00e9 afin que la viande de ce poisson et son caviar Soyez de premier ordre en terme de go\u00fbt.<\/p>\n<p>[\/woodmart_responsive_text_block][woodmart_button color=\u00a0\u00bbprimary\u00a0\u00bb shape=\u00a0\u00bbround\u00a0\u00bb icon_position=\u00a0\u00bbleft\u00a0\u00bb woodmart_css_id=\u00a0\u00bb61641baf8ffd3&Prime; title=\u00a0\u00bb\u00c0 propos de nous\u00a0\u00bb full_width=\u00a0\u00bbno\u00a0\u00bb button_inline=\u00a0\u00bbyes\u00a0\u00bb button_smooth_scroll=\u00a0\u00bbno\u00a0\u00bb bg_color=\u00a0\u00bbeyJwYXJhbV90eXBlIjoid29vZG1hcnRfY29sb3JwaWNrZXIiLCJjc3NfYXJncyI6eyJiYWNrZ3JvdW5kLWNvbG9yIjpbIiBhIl0sImJvcmRlci1jb2xvciI6WyIgYSJdfSwic2VsZWN0b3JfaWQiOiI2MTY0MWJhZjhmZmQzIiwiZGF0YSI6eyJkZXNrdG9wIjoiIzZiOGVhOCJ9fQ==\u00a0\u00bb][\/vc_column][\/vc_row]<\/p>\n","protected":false},"excerpt":{"rendered":"<p>[vc_row full_width=\u00a0\u00bbstretch_row\u00a0\u00bb el_class=\u00a0\u00bbopacity-video-bg\u00a0\u00bb css=\u00a0\u00bb.vc_custom_1613544842435{margin-bottom: 8vh !important;padding-top: 30vh !important;padding-bottom: 5vh !important;background-color: #0a0a0a !important;background-position: center !important;background-repeat: no-repeat !important;background-size: cover !important;}\u00a0\u00bb mobile_bg_img_hidden=\u00a0\u00bbno\u00a0\u00bb tablet_bg_img_hidden=\u00a0\u00bbno\u00a0\u00bb woodmart_parallax=\u00a0\u00bb0&Prime; woodmart_gradient_switch=\u00a0\u00bbno\u00a0\u00bb row_reverse_mobile=\u00a0\u00bb0&Prime; row_reverse_tablet=\u00a0\u00bb0&Prime; woodmart_disable_overflow=\u00a0\u00bb0&Prime;][vc_column css=\u00a0\u00bb.vc_custom_1499517305703{padding-top: 0px !important;}\u00a0\u00bb el_class=\u00a0\u00bbtext-center\u00a0\u00bb][vc_custom_heading text=\u00a0\u00bbDenr\u00e9es alimentaires\u00a0\u00bb font_container=\u00a0\u00bbtag:h3|font_size:16|text_align:center|color:rgba(255%2C255%2C255%2C0.8)\u00a0\u00bb use_theme_fonts=\u00a0\u00bbyes\u00a0\u00bb css=\u00a0\u00bb.vc_custom_1633950206284{margin-bottom: 10px !important;}\u00a0\u00bb el_class=\u00a0\u00bbvisible-lg\u00a0\u00bb][\/vc_column][\/vc_row][vc_row full_width=\u00a0\u00bbstretch_row\u00a0\u00bb css=\u00a0\u00bb.vc_custom_1613547288976{margin-bottom: 1vh !important;padding-top: 1vh !important;padding-bottom: 1vh !important;}\u00a0\u00bb mobile_bg_img_hidden=\u00a0\u00bbno\u00a0\u00bb tablet_bg_img_hidden=\u00a0\u00bbno\u00a0\u00bb woodmart_parallax=\u00a0\u00bb0&Prime; woodmart_gradient_switch=\u00a0\u00bbno\u00a0\u00bb row_reverse_mobile=\u00a0\u00bb0&Prime; row_reverse_tablet=\u00a0\u00bb0&Prime; woodmart_disable_overflow=\u00a0\u00bb0&Prime;][vc_column css=\u00a0\u00bb.vc_custom_1559750057376{padding-top: 0px !important;}\u00a0\u00bb [&hellip;]<\/p>\n","protected":false},"author":1,"featured_media":0,"parent":0,"menu_order":0,"comment_status":"closed","ping_status":"closed","template":"","meta":{"footnotes":""},"class_list":["post-7767","page","type-page","status-publish","hentry"],"_links":{"self":[{"href":"https:\/\/elisalamat.com\/fr\/wp-json\/wp\/v2\/pages\/7767","targetHints":{"allow":["GET"]}}],"collection":[{"href":"https:\/\/elisalamat.com\/fr\/wp-json\/wp\/v2\/pages"}],"about":[{"href":"https:\/\/elisalamat.com\/fr\/wp-json\/wp\/v2\/types\/page"}],"author":[{"embeddable":true,"href":"https:\/\/elisalamat.com\/fr\/wp-json\/wp\/v2\/users\/1"}],"replies":[{"embeddable":true,"href":"https:\/\/elisalamat.com\/fr\/wp-json\/wp\/v2\/comments?post=7767"}],"version-history":[{"count":7,"href":"https:\/\/elisalamat.com\/fr\/wp-json\/wp\/v2\/pages\/7767\/revisions"}],"predecessor-version":[{"id":7827,"href":"https:\/\/elisalamat.com\/fr\/wp-json\/wp\/v2\/pages\/7767\/revisions\/7827"}],"wp:attachment":[{"href":"https:\/\/elisalamat.com\/fr\/wp-json\/wp\/v2\/media?parent=7767"}],"curies":[{"name":"wp","href":"https:\/\/api.w.org\/{rel}","templated":true}]}}